{"id":50,"date":"2018-03-12T14:13:11","date_gmt":"2018-03-12T14:13:11","guid":{"rendered":"https:\/\/kinesiologie-antoinettevogel.ch\/wordpress\/?page_id=50"},"modified":"2018-05-20T13:32:41","modified_gmt":"2018-05-20T13:32:41","slug":"kinesiologie","status":"publish","type":"page","link":"https:\/\/kinesiologie-antoinettevogel.ch\/wordpress\/?page_id=50","title":{"rendered":"Kinesiologie"},"content":{"rendered":"\t\t<div data-elementor-type=\"wp-post\" data-elementor-id=\"50\" class=\"elementor elementor-50 elementor-bc-flex-widget\">\n\t\t\t\t\t\t<section class=\"elementor-section elementor-top-section elementor-element elementor-element-4eab73c6 elementor-section-full_width elementor-section-height-min-height elementor-section-items-bottom elementor-section-content-bottom elementor-section-stretched elementor-section-height-default\" data-id=\"4eab73c6\" data-element_type=\"section\" data-settings=\"{&quot;background_background&quot;:&quot;classic&quot;,&quot;stretch_section&quot;:&quot;section-stretched&quot;}\">\n\t\t\t\t\t\t<div class=\"elementor-container elementor-column-gap-default\">\n\t\t\t\t\t<div class=\"elementor-column elementor-col-100 elementor-top-column elementor-element elementor-element-7f59edb7\" data-id=\"7f59edb7\" data-element_type=\"column\">\n\t\t\t<div class=\"elementor-widget-wrap\">\n\t\t\t\t\t\t\t<\/div>\n\t\t<\/div>\n\t\t\t\t\t<\/div>\n\t\t<\/section>\n\t\t\t\t<section class=\"elementor-section elementor-top-section elementor-element elementor-element-416e98b2 elementor-section-content-middle elementor-section-stretched elementor-section-boxed elementor-section-height-default elementor-section-height-default\" data-id=\"416e98b2\" data-element_type=\"section\" data-settings=\"{&quot;background_background&quot;:&quot;classic&quot;,&quot;stretch_section&quot;:&quot;section-stretched&quot;}\">\n\t\t\t\t\t\t<div class=\"elementor-container elementor-column-gap-no\">\n\t\t\t\t\t<div class=\"elementor-column elementor-col-100 elementor-top-column elementor-element elementor-element-4c11341\" data-id=\"4c11341\" data-element_type=\"column\">\n\t\t\t<div class=\"elementor-widget-wrap elementor-element-populated\">\n\t\t\t\t\t\t<div class=\"elementor-element elementor-element-7cd7edd elementor-widget elementor-widget-heading\" data-id=\"7cd7edd\" data-element_type=\"widget\" data-widget_type=\"heading.default\">\n\t\t\t\t<div class=\"elementor-widget-container\">\n\t\t\t\t\t<h2 class=\"elementor-heading-title elementor-size-default\">\u201cKinesiologie die Lehre der Bewegung\u201c<\/h2>\t\t\t\t<\/div>\n\t\t\t\t<\/div>\n\t\t\t\t\t<\/div>\n\t\t<\/div>\n\t\t\t\t\t<\/div>\n\t\t<\/section>\n\t\t\t\t<section class=\"elementor-section elementor-top-section elementor-element elementor-element-2cb1824 elementor-section-boxed elementor-section-height-default elementor-section-height-default\" data-id=\"2cb1824\" data-element_type=\"section\">\n\t\t\t\t\t\t<div class=\"elementor-container elementor-column-gap-default\">\n\t\t\t\t\t<div class=\"elementor-column elementor-col-100 elementor-top-column elementor-element elementor-element-11ced0f\" data-id=\"11ced0f\" data-element_type=\"column\">\n\t\t\t<div class=\"elementor-widget-wrap elementor-element-populated\">\n\t\t\t\t\t\t<div class=\"elementor-element elementor-element-3eecc9a elementor-widget elementor-widget-spacer\" data-id=\"3eecc9a\" data-element_type=\"widget\" data-widget_type=\"spacer.default\">\n\t\t\t\t<div class=\"elementor-widget-container\">\n\t\t\t\t\t\t\t<div class=\"elementor-spacer\">\n\t\t\t<div class=\"elementor-spacer-inner\"><\/div>\n\t\t<\/div>\n\t\t\t\t\t\t<\/div>\n\t\t\t\t<\/div>\n\t\t\t\t\t<\/div>\n\t\t<\/div>\n\t\t\t\t\t<\/div>\n\t\t<\/section>\n\t\t\t\t<section class=\"elementor-section elementor-top-section elementor-element elementor-element-256d50c elementor-section-boxed elementor-section-height-default elementor-section-height-default\" data-id=\"256d50c\" data-element_type=\"section\">\n\t\t\t\t\t\t<div class=\"elementor-container elementor-column-gap-default\">\n\t\t\t\t\t<div class=\"elementor-column elementor-col-100 elementor-top-column elementor-element elementor-element-9bc198b\" data-id=\"9bc198b\" data-element_type=\"column\">\n\t\t\t<div class=\"elementor-widget-wrap elementor-element-populated\">\n\t\t\t\t\t\t<div class=\"elementor-element elementor-element-7c4290b elementor-widget elementor-widget-heading\" data-id=\"7c4290b\" data-element_type=\"widget\" data-widget_type=\"heading.default\">\n\t\t\t\t<div class=\"elementor-widget-container\">\n\t\t\t\t\t<h2 class=\"elementor-heading-title elementor-size-default\">Als Kinesiologin begleite ich Kinder, Jugendliche und Erwachsene<\/h2>\t\t\t\t<\/div>\n\t\t\t\t<\/div>\n\t\t\t\t\t<\/div>\n\t\t<\/div>\n\t\t\t\t\t<\/div>\n\t\t<\/section>\n\t\t\t\t<section class=\"elementor-section elementor-top-section elementor-element elementor-element-b387ee5 elementor-section-boxed elementor-section-height-default elementor-section-height-default\" data-id=\"b387ee5\" data-element_type=\"section\">\n\t\t\t\t\t\t<div class=\"elementor-container elementor-column-gap-default\">\n\t\t\t\t\t<div class=\"elementor-column elementor-col-100 elementor-top-column elementor-element elementor-element-4b617e5\" data-id=\"4b617e5\" data-element_type=\"column\">\n\t\t\t<div class=\"elementor-widget-wrap elementor-element-populated\">\n\t\t\t\t\t\t<div class=\"elementor-element elementor-element-ac946ec elementor-widget elementor-widget-text-editor\" data-id=\"ac946ec\" data-element_type=\"widget\" data-widget_type=\"text-editor.default\">\n\t\t\t\t<div class=\"elementor-widget-container\">\n\t\t\t\t\t\t\t\t\t<p style=\"text-align: center;\">\u00a0<\/p><p style=\"text-align: center;\">Erkenne deine Potentiale und integriere Sie<\/p><p style=\"text-align: center;\">Finde dein inneres Gleichgewicht und komme in die Kraft<\/p><p style=\"text-align: center;\">Lernblockaden l\u00f6sen und freudvolles Lernen f\u00f6rdern<\/p><p style=\"text-align: center;\">Den Heilungsprozess f\u00f6rdern bei Schmerzen, Migr\u00e4ne, Muskelverspannungen, Verdauungsst\u00f6rungen ect.\u00a0<\/p><p style=\"text-align: center;\">L\u00f6sen von \u00dcberempfindlichkeitsreaktionen auf Nahrungs- und Umweltstoffe<\/p><p style=\"text-align: center;\">Wie gehe ich geschickt mit Stress, Schlafst\u00f6rungen, Angstzust\u00e4nden, Depressionen, Nervosit\u00e4t ect. um !<\/p><p style=\"text-align: center;\">\u00a0<\/p><p style=\"text-align: center;\">ect.\u00a0<\/p>\t\t\t\t\t\t\t\t<\/div>\n\t\t\t\t<\/div>\n\t\t\t\t\t<\/div>\n\t\t<\/div>\n\t\t\t\t\t<\/div>\n\t\t<\/section>\n\t\t\t\t<section class=\"elementor-section elementor-top-section elementor-element elementor-element-46ec2ca elementor-section-boxed elementor-section-height-default elementor-section-height-default\" data-id=\"46ec2ca\" data-element_type=\"section\">\n\t\t\t\t\t\t<div class=\"elementor-container elementor-column-gap-default\">\n\t\t\t\t\t<div class=\"elementor-column elementor-col-100 elementor-top-column elementor-element elementor-element-0f0ecb7\" data-id=\"0f0ecb7\" data-element_type=\"column\">\n\t\t\t<div class=\"elementor-widget-wrap elementor-element-populated\">\n\t\t\t\t\t\t<div class=\"elementor-element elementor-element-ce6e73b elementor-widget elementor-widget-spacer\" data-id=\"ce6e73b\" data-element_type=\"widget\" data-widget_type=\"spacer.default\">\n\t\t\t\t<div class=\"elementor-widget-container\">\n\t\t\t\t\t\t\t<div class=\"elementor-spacer\">\n\t\t\t<div class=\"elementor-spacer-inner\"><\/div>\n\t\t<\/div>\n\t\t\t\t\t\t<\/div>\n\t\t\t\t<\/div>\n\t\t\t\t\t<\/div>\n\t\t<\/div>\n\t\t\t\t\t<\/div>\n\t\t<\/section>\n\t\t\t\t<section class=\"elementor-section elementor-top-section elementor-element elementor-element-4a308336 elementor-section-content-middle elementor-section-stretched elementor-section-boxed elementor-section-height-default elementor-section-height-default\" data-id=\"4a308336\" data-element_type=\"section\" data-settings=\"{&quot;background_background&quot;:&quot;classic&quot;,&quot;stretch_section&quot;:&quot;section-stretched&quot;}\">\n\t\t\t\t\t\t<div class=\"elementor-container elementor-column-gap-no\">\n\t\t\t\t\t<div class=\"elementor-column elementor-col-100 elementor-top-column elementor-element elementor-element-0b6a47f\" data-id=\"0b6a47f\" data-element_type=\"column\">\n\t\t\t<div class=\"elementor-widget-wrap elementor-element-populated\">\n\t\t\t\t\t\t<div class=\"elementor-element elementor-element-15599b9 elementor-widget elementor-widget-heading\" data-id=\"15599b9\" data-element_type=\"widget\" data-widget_type=\"heading.default\">\n\t\t\t\t<div class=\"elementor-widget-container\">\n\t\t\t\t\t<h2 class=\"elementor-heading-title elementor-size-default\">\u201cEntdecke dein Potential und lebe deine Kraft\u201c<\/h2>\t\t\t\t<\/div>\n\t\t\t\t<\/div>\n\t\t\t\t\t<\/div>\n\t\t<\/div>\n\t\t\t\t\t<\/div>\n\t\t<\/section>\n\t\t\t\t<section class=\"elementor-section elementor-top-section elementor-element elementor-element-9aeabd1 elementor-section-boxed elementor-section-height-default elementor-section-height-default\" data-id=\"9aeabd1\" data-element_type=\"section\">\n\t\t\t\t\t\t<div class=\"elementor-container elementor-column-gap-default\">\n\t\t\t\t\t<div class=\"elementor-column elementor-col-100 elementor-top-column elementor-element elementor-element-1056092\" data-id=\"1056092\" data-element_type=\"column\">\n\t\t\t<div class=\"elementor-widget-wrap\">\n\t\t\t\t\t\t\t<\/div>\n\t\t<\/div>\n\t\t\t\t\t<\/div>\n\t\t<\/section>\n\t\t\t\t<section class=\"elementor-section elementor-top-section elementor-element elementor-element-7bd62a2d elementor-section-boxed elementor-section-height-default elementor-section-height-default\" data-id=\"7bd62a2d\" data-element_type=\"section\">\n\t\t\t\t\t\t<div class=\"elementor-container elementor-column-gap-default\">\n\t\t\t\t\t<div class=\"elementor-column elementor-col-100 elementor-top-column elementor-element elementor-element-4fb45f0a\" data-id=\"4fb45f0a\" data-element_type=\"column\">\n\t\t\t<div class=\"elementor-widget-wrap elementor-element-populated\">\n\t\t\t\t\t\t<div class=\"elementor-element elementor-element-99cc3a3 elementor-widget elementor-widget-heading\" data-id=\"99cc3a3\" data-element_type=\"widget\" data-widget_type=\"heading.default\">\n\t\t\t\t<div class=\"elementor-widget-container\">\n\t\t\t\t\t<h2 class=\"elementor-heading-title elementor-size-default\">Was ist Kinesiologie ?<\/h2>\t\t\t\t<\/div>\n\t\t\t\t<\/div>\n\t\t\t\t<div class=\"elementor-element elementor-element-2bd93dd2 elementor-widget elementor-widget-text-editor\" data-id=\"2bd93dd2\" data-element_type=\"widget\" data-widget_type=\"text-editor.default\">\n\t\t\t\t<div class=\"elementor-widget-container\">\n\t\t\t\t\t\t\t\t\t<p>Der Mensch besteht aus K\u00f6rper, Seele und Geist. Alle drei sind unl\u00f6sbar miteinander verbunden. Ist eines krank, so befinden sich die beiden anderen auch nicht im Gleichgewicht und der Energiefluss ist gest\u00f6rt. Gesundheit ist das intakte Zusammenspiel aller K\u00f6rper- und Organfunktionen, harmonischer Bewegungsabl\u00e4ufe, intellektueller Leistungsf\u00e4higkeiten und eines ausgeglichenen Gef\u00fchlslebens.\u00a0<\/p><p>Die ganzheitliche Therapieform der Kinesiologie hilft Problemsituationen und Verhaltensmuster anzuschauen und energetische Blockaden im eigenen K\u00f6rper zu l\u00f6sen.\u00a0<\/p><p>Als Werkzeug in der Kinesiologie dient der Muskeltest. Dieser gibt konkret Auskunft dar\u00fcber, welche Unterst\u00fctzung das K\u00f6rper &#8211; Geist &#8211; Seele -System des Menschen ben\u00f6tigt, um wieder in &#8222;Balance&#8220; zu kommen. K\u00f6rperliche und emotionale Aspekte werden dabei gleichermassen ber\u00fccksichtigt. Die Selbstheilungskr\u00e4fte werden aktiviert.\u00a0<\/p><p>Es ist eine Methode der echten menschlichen Zuwendung. Und es braucht den Willen der betroffenen Menschen sich mit sich selber auseinander zu setzen. Es ist eine K\u00f6rperarbeit, bei der sich die Erkenntnisse der Chiropraktik, der Akupressur, der Ern\u00e4hrungswissenschaft und der Psychologie in einem ganzheitlichen System vereinen.\u00a0<\/p><p>Bei dieser Therapieform ist die Eigenverantwortung ein wichtiger Pfeiler des Heilungsprozesses.<\/p><p>Die Kinesiologie stellt keine medizinischen Diagnosen.\u00a0<\/p><p>\u00a0<\/p>\t\t\t\t\t\t\t\t<\/div>\n\t\t\t\t<\/div>\n\t\t\t\t\t<\/div>\n\t\t<\/div>\n\t\t\t\t\t<\/div>\n\t\t<\/section>\n\t\t\t\t<section class=\"elementor-section elementor-top-section elementor-element elementor-element-37d988cd elementor-section-full_width elementor-section-content-middle elementor-section-stretched elementor-section-height-default elementor-section-height-default\" data-id=\"37d988cd\" data-element_type=\"section\" data-settings=\"{&quot;background_background&quot;:&quot;classic&quot;,&quot;stretch_section&quot;:&quot;section-stretched&quot;}\">\n\t\t\t\t\t\t<div class=\"elementor-container elementor-column-gap-no\">\n\t\t\t\t\t<div class=\"elementor-column elementor-col-100 elementor-top-column elementor-element elementor-element-bca1948\" data-id=\"bca1948\" data-element_type=\"column\">\n\t\t\t<div class=\"elementor-widget-wrap elementor-element-populated\">\n\t\t\t\t\t\t<div class=\"elementor-element elementor-element-588a7c3 elementor-widget elementor-widget-text-editor\" data-id=\"588a7c3\" data-element_type=\"widget\" data-widget_type=\"text-editor.default\">\n\t\t\t\t<div class=\"elementor-widget-container\">\n\t\t\t\t\t\t\t\t\t<h3 class=\"elementor-heading-title elementor-size-large elementor-inline-editing pen\" style=\"font-family: 'Playfair Display', sans-serif; font-weight: 600; line-height: 1.5em; color: #ffffff; margin: 0px; font-size: 35px; padding: 0px; letter-spacing: 1.2px; text-align: center;\" data-elementor-setting-key=\"title\" data-pen-placeholder=\"Eingabe hier...\">&#8222;Bewegung &#8211; frei sein &#8211; fliessen\u201d<\/h3>\t\t\t\t\t\t\t\t<\/div>\n\t\t\t\t<\/div>\n\t\t\t\t\t<\/div>\n\t\t<\/div>\n\t\t\t\t\t<\/div>\n\t\t<\/section>\n\t\t\t\t<section class=\"elementor-section elementor-top-section elementor-element elementor-element-32e920a elementor-section-boxed elementor-section-height-default elementor-section-height-default\" data-id=\"32e920a\" data-element_type=\"section\">\n\t\t\t\t\t\t<div class=\"elementor-container elementor-column-gap-default\">\n\t\t\t\t\t<div class=\"elementor-column elementor-col-100 elementor-top-column elementor-element elementor-element-516ce22\" data-id=\"516ce22\" data-element_type=\"column\">\n\t\t\t<div class=\"elementor-widget-wrap elementor-element-populated\">\n\t\t\t\t\t\t<div class=\"elementor-element elementor-element-87cc9ea elementor-widget elementor-widget-image\" data-id=\"87cc9ea\" data-element_type=\"widget\" data-widget_type=\"image.default\">\n\t\t\t\t<div class=\"elementor-widget-container\">\n\t\t\t\t\t\t\t\t\t\t\t\t\t\t\t<img decoding=\"async\" width=\"1\" height=\"1\" src=\"https:\/\/kinesiologie-antoinettevogel.ch\/wordpress\/wp-content\/uploads\/2018\/03\/IMG_0180-1.tif\" class=\"attachment-large size-large wp-image-208\" alt=\"\" \/>\t\t\t\t\t\t\t\t\t\t\t\t\t\t\t<\/div>\n\t\t\t\t<\/div>\n\t\t\t\t\t<\/div>\n\t\t<\/div>\n\t\t\t\t\t<\/div>\n\t\t<\/section>\n\t\t\t\t<section class=\"elementor-section elementor-top-section elementor-element elementor-element-1c272e6 elementor-section-boxed elementor-section-height-default elementor-section-height-default\" data-id=\"1c272e6\" data-element_type=\"section\">\n\t\t\t\t\t\t<div class=\"elementor-container elementor-column-gap-default\">\n\t\t\t\t\t<div class=\"elementor-column elementor-col-100 elementor-top-column elementor-element elementor-element-cfeaccd\" data-id=\"cfeaccd\" data-element_type=\"column\">\n\t\t\t<div class=\"elementor-widget-wrap\">\n\t\t\t\t\t\t\t<\/div>\n\t\t<\/div>\n\t\t\t\t\t<\/div>\n\t\t<\/section>\n\t\t\t\t<section class=\"elementor-section elementor-top-section elementor-element elementor-element-18a17fd elementor-section-boxed elementor-section-height-default elementor-section-height-default\" data-id=\"18a17fd\" data-element_type=\"section\">\n\t\t\t\t\t\t<div class=\"elementor-container elementor-column-gap-default\">\n\t\t\t\t\t<div class=\"elementor-column elementor-col-100 elementor-top-column elementor-element elementor-element-b3f6d14\" data-id=\"b3f6d14\" data-element_type=\"column\">\n\t\t\t<div class=\"elementor-widget-wrap elementor-element-populated\">\n\t\t\t\t\t\t<div class=\"elementor-element elementor-element-fd57ae2 elementor-widget elementor-widget-image\" data-id=\"fd57ae2\" data-element_type=\"widget\" data-widget_type=\"image.default\">\n\t\t\t\t<div class=\"elementor-widget-container\">\n\t\t\t\t\t\t\t\t\t\t\t\t\t\t\t<img decoding=\"async\" width=\"1\" height=\"1\" src=\"https:\/\/kinesiologie-antoinettevogel.ch\/wordpress\/wp-content\/uploads\/2018\/03\/IMG_0180-1.tif\" class=\"attachment-large size-large wp-image-208\" alt=\"\" \/>\t\t\t\t\t\t\t\t\t\t\t\t\t\t\t<\/div>\n\t\t\t\t<\/div>\n\t\t\t\t<div class=\"elementor-element elementor-element-a937127 elementor-widget elementor-widget-image\" data-id=\"a937127\" data-element_type=\"widget\" data-widget_type=\"image.default\">\n\t\t\t\t<div class=\"elementor-widget-container\">\n\t\t\t\t\t\t\t\t\t\t\t\t\t\t\t<img fetchpriority=\"high\" decoding=\"async\" width=\"5184\" height=\"1371\" src=\"https:\/\/kinesiologie-antoinettevogel.ch\/wordpress\/wp-content\/uploads\/2018\/05\/logo_ana-Kopie.jpg\" class=\"attachment-full size-full wp-image-370\" alt=\"\" srcset=\"https:\/\/kinesiologie-antoinettevogel.ch\/wordpress\/wp-content\/uploads\/2018\/05\/logo_ana-Kopie.jpg 5184w, https:\/\/kinesiologie-antoinettevogel.ch\/wordpress\/wp-content\/uploads\/2018\/05\/logo_ana-Kopie-300x79.jpg 300w, https:\/\/kinesiologie-antoinettevogel.ch\/wordpress\/wp-content\/uploads\/2018\/05\/logo_ana-Kopie-768x203.jpg 768w, https:\/\/kinesiologie-antoinettevogel.ch\/wordpress\/wp-content\/uploads\/2018\/05\/logo_ana-Kopie-1024x271.jpg 1024w, https:\/\/kinesiologie-antoinettevogel.ch\/wordpress\/wp-content\/uploads\/2018\/05\/logo_ana-Kopie-350x93.jpg 350w\" sizes=\"(max-width: 5184px) 100vw, 5184px\" \/>\t\t\t\t\t\t\t\t\t\t\t\t\t\t\t<\/div>\n\t\t\t\t<\/div>\n\t\t\t\t<div class=\"elementor-element elementor-element-c418cc8 elementor-widget elementor-widget-image\" data-id=\"c418cc8\" data-element_type=\"widget\" data-widget_type=\"image.default\">\n\t\t\t\t<div class=\"elementor-widget-container\">\n\t\t\t\t\t\t\t\t\t\t\t\t\t\t\t<img decoding=\"async\" width=\"1\" height=\"1\" src=\"https:\/\/kinesiologie-antoinettevogel.ch\/wordpress\/wp-content\/uploads\/2018\/03\/IMG_0180-1.tif\" class=\"attachment-large size-large wp-image-208\" alt=\"\" \/>\t\t\t\t\t\t\t\t\t\t\t\t\t\t\t<\/div>\n\t\t\t\t<\/div>\n\t\t\t\t\t<\/div>\n\t\t<\/div>\n\t\t\t\t\t<\/div>\n\t\t<\/section>\n\t\t\t\t<\/div>\n\t\t","protected":false},"excerpt":{"rendered":"<p>\u201cKinesiologie die Lehre der Bewegung\u201c Als Kinesiologin begleite ich Kinder, Jugendliche und Erwachsene \u00a0 Erkenne deine Potentiale und integriere Sie Finde dein inneres Gleichgewicht und komme in die Kraft Lernblockaden l\u00f6sen und freudvolles Lernen f\u00f6rdern Den Heilungsprozess f\u00f6rdern bei Schmerzen, Migr\u00e4ne, Muskelverspannungen, Verdauungsst\u00f6rungen ect.\u00a0 L\u00f6sen von \u00dcberempfindlichkeitsreaktionen auf Nahrungs- und Umweltstoffe Wie gehe ich geschickt mit Stress, Schlafst\u00f6rungen, Angstzust\u00e4nden, Depressionen, [&hellip;]<\/p>\n","protected":false},"author":1,"featured_media":0,"parent":0,"menu_order":0,"comment_status":"closed","ping_status":"closed","template":"","meta":{"footnotes":""},"class_list":["post-50","page","type-page","status-publish","hentry"],"_links":{"self":[{"href":"https:\/\/kinesiologie-antoinettevogel.ch\/wordpress\/index.php?rest_route=\/wp\/v2\/pages\/50","targetHints":{"allow":["GET"]}}],"collection":[{"href":"https:\/\/kinesiologie-antoinettevogel.ch\/wordpress\/index.php?rest_route=\/wp\/v2\/pages"}],"about":[{"href":"https:\/\/kinesiologie-antoinettevogel.ch\/wordpress\/index.php?rest_route=\/wp\/v2\/types\/page"}],"author":[{"embeddable":true,"href":"https:\/\/kinesiologie-antoinettevogel.ch\/wordpress\/index.php?rest_route=\/wp\/v2\/users\/1"}],"replies":[{"embeddable":true,"href":"https:\/\/kinesiologie-antoinettevogel.ch\/wordpress\/index.php?rest_route=%2Fwp%2Fv2%2Fcomments&post=50"}],"version-history":[{"count":20,"href":"https:\/\/kinesiologie-antoinettevogel.ch\/wordpress\/index.php?rest_route=\/wp\/v2\/pages\/50\/revisions"}],"predecessor-version":[{"id":393,"href":"https:\/\/kinesiologie-antoinettevogel.ch\/wordpress\/index.php?rest_route=\/wp\/v2\/pages\/50\/revisions\/393"}],"wp:attachment":[{"href":"https:\/\/kinesiologie-antoinettevogel.ch\/wordpress\/index.php?rest_route=%2Fwp%2Fv2%2Fmedia&parent=50"}],"curies":[{"name":"wp","href":"https:\/\/api.w.org\/{rel}","templated":true}]}}