{"id":46,"date":"2018-03-12T14:13:11","date_gmt":"2018-03-12T14:13:11","guid":{"rendered":"https:\/\/kinesiologie-antoinettevogel.ch\/wordpress\/?page_id=46"},"modified":"2018-05-20T13:36:28","modified_gmt":"2018-05-20T13:36:28","slug":"ueber-mich","status":"publish","type":"page","link":"https:\/\/kinesiologie-antoinettevogel.ch\/wordpress\/?page_id=46","title":{"rendered":"\u00dcber Mich"},"content":{"rendered":"\t\t<div data-elementor-type=\"wp-post\" data-elementor-id=\"46\" class=\"elementor elementor-46 elementor-bc-flex-widget\">\n\t\t\t\t\t\t<section class=\"elementor-section elementor-top-section elementor-element elementor-element-566ecc88 elementor-section-height-min-height elementor-section-content-middle elementor-section-stretched elementor-section-boxed elementor-section-height-default elementor-section-items-middle\" data-id=\"566ecc88\" data-element_type=\"section\" data-settings=\"{&quot;background_background&quot;:&quot;classic&quot;,&quot;stretch_section&quot;:&quot;section-stretched&quot;}\">\n\t\t\t\t\t\t\t<div class=\"elementor-background-overlay\"><\/div>\n\t\t\t\t\t\t\t<div class=\"elementor-container elementor-column-gap-narrow\">\n\t\t\t\t\t<div class=\"elementor-column elementor-col-100 elementor-top-column elementor-element elementor-element-5d6abf5c\" data-id=\"5d6abf5c\" data-element_type=\"column\">\n\t\t\t<div class=\"elementor-widget-wrap elementor-element-populated\">\n\t\t\t\t\t\t<div class=\"elementor-element elementor-element-61aefbf elementor-widget elementor-widget-heading\" data-id=\"61aefbf\" data-element_type=\"widget\" data-widget_type=\"heading.default\">\n\t\t\t\t<div class=\"elementor-widget-container\">\n\t\t\t\t\t<h3 class=\"elementor-heading-title elementor-size-large\">\u201cLebe dein Potential\u201d <\/h3>\t\t\t\t<\/div>\n\t\t\t\t<\/div>\n\t\t\t\t\t<\/div>\n\t\t<\/div>\n\t\t\t\t\t<\/div>\n\t\t<\/section>\n\t\t\t\t<section class=\"elementor-section elementor-top-section elementor-element elementor-element-8b3bea1 elementor-section-boxed elementor-section-height-default elementor-section-height-default\" data-id=\"8b3bea1\" data-element_type=\"section\">\n\t\t\t\t\t\t<div class=\"elementor-container elementor-column-gap-default\">\n\t\t\t\t\t<div class=\"elementor-column elementor-col-100 elementor-top-column elementor-element elementor-element-d47aad7\" data-id=\"d47aad7\" data-element_type=\"column\">\n\t\t\t<div class=\"elementor-widget-wrap elementor-element-populated\">\n\t\t\t\t\t\t<div class=\"elementor-element elementor-element-0c23116 elementor-widget elementor-widget-spacer\" data-id=\"0c23116\" data-element_type=\"widget\" data-widget_type=\"spacer.default\">\n\t\t\t\t<div class=\"elementor-widget-container\">\n\t\t\t\t\t\t\t<div class=\"elementor-spacer\">\n\t\t\t<div class=\"elementor-spacer-inner\"><\/div>\n\t\t<\/div>\n\t\t\t\t\t\t<\/div>\n\t\t\t\t<\/div>\n\t\t\t\t\t<\/div>\n\t\t<\/div>\n\t\t\t\t\t<\/div>\n\t\t<\/section>\n\t\t\t\t<section class=\"elementor-section elementor-top-section elementor-element elementor-element-dba31ee elementor-section-boxed elementor-section-height-default elementor-section-height-default\" data-id=\"dba31ee\" data-element_type=\"section\">\n\t\t\t\t\t\t<div class=\"elementor-container elementor-column-gap-default\">\n\t\t\t\t\t<div class=\"elementor-column elementor-col-50 elementor-top-column elementor-element elementor-element-fceb02a\" data-id=\"fceb02a\" data-element_type=\"column\">\n\t\t\t<div class=\"elementor-widget-wrap elementor-element-populated\">\n\t\t\t\t\t\t<div class=\"elementor-element elementor-element-d4d0ec6 elementor-widget elementor-widget-image\" data-id=\"d4d0ec6\" data-element_type=\"widget\" data-widget_type=\"image.default\">\n\t\t\t\t<div class=\"elementor-widget-container\">\n\t\t\t\t\t\t\t\t\t\t\t\t\t\t\t<img fetchpriority=\"high\" decoding=\"async\" width=\"1024\" height=\"768\" src=\"https:\/\/kinesiologie-antoinettevogel.ch\/wordpress\/wp-content\/uploads\/2018\/03\/DSC_0112-1024x768.jpg\" class=\"attachment-large size-large wp-image-108\" alt=\"\" srcset=\"https:\/\/kinesiologie-antoinettevogel.ch\/wordpress\/wp-content\/uploads\/2018\/03\/DSC_0112-1024x768.jpg 1024w, https:\/\/kinesiologie-antoinettevogel.ch\/wordpress\/wp-content\/uploads\/2018\/03\/DSC_0112-300x225.jpg 300w, https:\/\/kinesiologie-antoinettevogel.ch\/wordpress\/wp-content\/uploads\/2018\/03\/DSC_0112-768x576.jpg 768w, https:\/\/kinesiologie-antoinettevogel.ch\/wordpress\/wp-content\/uploads\/2018\/03\/DSC_0112.jpg 2048w\" sizes=\"(max-width: 1024px) 100vw, 1024px\" \/>\t\t\t\t\t\t\t\t\t\t\t\t\t\t\t<\/div>\n\t\t\t\t<\/div>\n\t\t\t\t\t<\/div>\n\t\t<\/div>\n\t\t\t\t<div class=\"elementor-column elementor-col-50 elementor-top-column elementor-element elementor-element-abde1be\" data-id=\"abde1be\" data-element_type=\"column\">\n\t\t\t<div class=\"elementor-widget-wrap elementor-element-populated\">\n\t\t\t\t\t\t<div class=\"elementor-element elementor-element-21b45ee elementor-widget elementor-widget-text-editor\" data-id=\"21b45ee\" data-element_type=\"widget\" data-widget_type=\"text-editor.default\">\n\t\t\t\t<div class=\"elementor-widget-container\">\n\t\t\t\t\t\t\t\t\t<p>\u00a0<\/p><p>\u00a0<\/p><p>Ich liebe es mich in der freien Natur zu bewegen<\/p><p>Ich liebe die Erde, den Wind, die Sonne und das Wasser\u00a0<\/p><p>Ich liebe meine Familie\u00a0<\/p><p>Ich liebe meine Arbeit als Kinesiologin\u00a0<\/p><p>\u00a0<\/p><p>Ich bin sehr dankbar f\u00fcr das Alles<\/p>\t\t\t\t\t\t\t\t<\/div>\n\t\t\t\t<\/div>\n\t\t\t\t\t<\/div>\n\t\t<\/div>\n\t\t\t\t\t<\/div>\n\t\t<\/section>\n\t\t\t\t<section class=\"elementor-section elementor-top-section elementor-element elementor-element-d0e55b3 elementor-section-boxed elementor-section-height-default elementor-section-height-default\" data-id=\"d0e55b3\" data-element_type=\"section\">\n\t\t\t\t\t\t<div class=\"elementor-container elementor-column-gap-default\">\n\t\t\t\t\t<div class=\"elementor-column elementor-col-100 elementor-top-column elementor-element elementor-element-8b68490\" data-id=\"8b68490\" data-element_type=\"column\">\n\t\t\t<div class=\"elementor-widget-wrap elementor-element-populated\">\n\t\t\t\t\t\t<div class=\"elementor-element elementor-element-4029d40 elementor-widget elementor-widget-spacer\" data-id=\"4029d40\" data-element_type=\"widget\" data-widget_type=\"spacer.default\">\n\t\t\t\t<div class=\"elementor-widget-container\">\n\t\t\t\t\t\t\t<div class=\"elementor-spacer\">\n\t\t\t<div class=\"elementor-spacer-inner\"><\/div>\n\t\t<\/div>\n\t\t\t\t\t\t<\/div>\n\t\t\t\t<\/div>\n\t\t\t\t\t<\/div>\n\t\t<\/div>\n\t\t\t\t\t<\/div>\n\t\t<\/section>\n\t\t\t\t<section class=\"elementor-section elementor-top-section elementor-element elementor-element-c93f85d elementor-section-boxed elementor-section-height-default elementor-section-height-default\" data-id=\"c93f85d\" data-element_type=\"section\">\n\t\t\t\t\t\t<div class=\"elementor-container elementor-column-gap-default\">\n\t\t\t\t\t<div class=\"elementor-column elementor-col-50 elementor-top-column elementor-element elementor-element-230bc39\" data-id=\"230bc39\" data-element_type=\"column\">\n\t\t\t<div class=\"elementor-widget-wrap elementor-element-populated\">\n\t\t\t\t\t\t<div class=\"elementor-element elementor-element-63b80ef elementor-widget elementor-widget-text-editor\" data-id=\"63b80ef\" data-element_type=\"widget\" data-widget_type=\"text-editor.default\">\n\t\t\t\t<div class=\"elementor-widget-container\">\n\t\t\t\t\t\t\t\t\t<p style=\"text-align: left;\">\n<\/p><p style=\"text-align: left;\">\n<\/p><p style=\"text-align: left;\">Eigene Kinesiologiepraxis seit 2003<\/p>\n<p style=\"text-align: left;\"><span style=\"text-align: center;\">Kinesiologieausbildung IKAMED 1999 -2002<\/span><\/p>\n<p style=\"text-align: left;\"><span style=\"text-align: center;\">Mutter von vier erwachsenen T\u00f6chtern<\/span><\/p>\n<p style=\"text-align: left;\"><span style=\"text-align: center;\">Grossmutter<\/span><\/p>\n<p style=\"text-align: left;\"><span style=\"text-align: center;\">Biob\u00e4uerin<\/span><\/p>\n<p style=\"text-align: left;\"><span style=\"text-align: center;\">Erstberuf P\u00e4dagogin<\/span><\/p>\t\t\t\t\t\t\t\t<\/div>\n\t\t\t\t<\/div>\n\t\t\t\t\t<\/div>\n\t\t<\/div>\n\t\t\t\t<div class=\"elementor-column elementor-col-50 elementor-top-column elementor-element elementor-element-4355c3b\" data-id=\"4355c3b\" data-element_type=\"column\">\n\t\t\t<div class=\"elementor-widget-wrap elementor-element-populated\">\n\t\t\t\t\t\t<div class=\"elementor-element elementor-element-3be688d elementor-widget elementor-widget-image\" data-id=\"3be688d\" data-element_type=\"widget\" data-widget_type=\"image.default\">\n\t\t\t\t<div class=\"elementor-widget-container\">\n\t\t\t\t\t\t\t\t\t\t\t\t\t\t\t<img decoding=\"async\" width=\"1024\" height=\"768\" src=\"https:\/\/kinesiologie-antoinettevogel.ch\/wordpress\/wp-content\/uploads\/2018\/03\/P1110935-1024x768.jpg\" class=\"attachment-large size-large wp-image-103\" alt=\"\" srcset=\"https:\/\/kinesiologie-antoinettevogel.ch\/wordpress\/wp-content\/uploads\/2018\/03\/P1110935-1024x768.jpg 1024w, https:\/\/kinesiologie-antoinettevogel.ch\/wordpress\/wp-content\/uploads\/2018\/03\/P1110935-300x225.jpg 300w, https:\/\/kinesiologie-antoinettevogel.ch\/wordpress\/wp-content\/uploads\/2018\/03\/P1110935-768x576.jpg 768w\" sizes=\"(max-width: 1024px) 100vw, 1024px\" \/>\t\t\t\t\t\t\t\t\t\t\t\t\t\t\t<\/div>\n\t\t\t\t<\/div>\n\t\t\t\t\t<\/div>\n\t\t<\/div>\n\t\t\t\t\t<\/div>\n\t\t<\/section>\n\t\t\t\t<section class=\"elementor-section elementor-top-section elementor-element elementor-element-70dd312 elementor-section-boxed elementor-section-height-default elementor-section-height-default\" data-id=\"70dd312\" data-element_type=\"section\">\n\t\t\t\t\t\t<div class=\"elementor-container elementor-column-gap-default\">\n\t\t\t\t\t<div class=\"elementor-column elementor-col-100 elementor-top-column elementor-element elementor-element-db135b4\" data-id=\"db135b4\" data-element_type=\"column\">\n\t\t\t<div class=\"elementor-widget-wrap elementor-element-populated\">\n\t\t\t\t\t\t<div class=\"elementor-element elementor-element-ff793a0 elementor-widget elementor-widget-spacer\" data-id=\"ff793a0\" data-element_type=\"widget\" data-widget_type=\"spacer.default\">\n\t\t\t\t<div class=\"elementor-widget-container\">\n\t\t\t\t\t\t\t<div class=\"elementor-spacer\">\n\t\t\t<div class=\"elementor-spacer-inner\"><\/div>\n\t\t<\/div>\n\t\t\t\t\t\t<\/div>\n\t\t\t\t<\/div>\n\t\t\t\t\t<\/div>\n\t\t<\/div>\n\t\t\t\t\t<\/div>\n\t\t<\/section>\n\t\t\t\t<section class=\"elementor-section elementor-top-section elementor-element elementor-element-0848935 elementor-section-boxed elementor-section-height-default elementor-section-height-default\" data-id=\"0848935\" data-element_type=\"section\">\n\t\t\t\t\t\t<div class=\"elementor-container elementor-column-gap-default\">\n\t\t\t\t\t<div class=\"elementor-column elementor-col-100 elementor-top-column elementor-element elementor-element-2ebbdd1\" data-id=\"2ebbdd1\" data-element_type=\"column\">\n\t\t\t<div class=\"elementor-widget-wrap elementor-element-populated\">\n\t\t\t\t\t\t<section class=\"elementor-section elementor-inner-section elementor-element elementor-element-88f710a elementor-section-boxed elementor-section-height-default elementor-section-height-default\" data-id=\"88f710a\" data-element_type=\"section\">\n\t\t\t\t\t\t<div class=\"elementor-container elementor-column-gap-default\">\n\t\t\t\t\t<div class=\"elementor-column elementor-col-50 elementor-inner-column elementor-element elementor-element-01346b1\" data-id=\"01346b1\" data-element_type=\"column\">\n\t\t\t<div class=\"elementor-widget-wrap elementor-element-populated\">\n\t\t\t\t\t\t<div class=\"elementor-element elementor-element-42bef8e elementor-widget elementor-widget-image\" data-id=\"42bef8e\" data-element_type=\"widget\" data-widget_type=\"image.default\">\n\t\t\t\t<div class=\"elementor-widget-container\">\n\t\t\t\t\t\t\t\t\t\t\t\t\t\t\t<img decoding=\"async\" width=\"1024\" height=\"768\" src=\"https:\/\/kinesiologie-antoinettevogel.ch\/wordpress\/wp-content\/uploads\/2018\/03\/P1110840-1-1024x768.jpg\" class=\"attachment-large size-large wp-image-120\" alt=\"\" srcset=\"https:\/\/kinesiologie-antoinettevogel.ch\/wordpress\/wp-content\/uploads\/2018\/03\/P1110840-1-1024x768.jpg 1024w, https:\/\/kinesiologie-antoinettevogel.ch\/wordpress\/wp-content\/uploads\/2018\/03\/P1110840-1-300x225.jpg 300w, https:\/\/kinesiologie-antoinettevogel.ch\/wordpress\/wp-content\/uploads\/2018\/03\/P1110840-1-768x576.jpg 768w\" sizes=\"(max-width: 1024px) 100vw, 1024px\" \/>\t\t\t\t\t\t\t\t\t\t\t\t\t\t\t<\/div>\n\t\t\t\t<\/div>\n\t\t\t\t\t<\/div>\n\t\t<\/div>\n\t\t\t\t<div class=\"elementor-column elementor-col-50 elementor-inner-column elementor-element elementor-element-247d921\" data-id=\"247d921\" data-element_type=\"column\">\n\t\t\t<div class=\"elementor-widget-wrap elementor-element-populated\">\n\t\t\t\t\t\t<div class=\"elementor-element elementor-element-3904c16 elementor-widget elementor-widget-text-editor\" data-id=\"3904c16\" data-element_type=\"widget\" data-widget_type=\"text-editor.default\">\n\t\t\t\t<div class=\"elementor-widget-container\">\n\t\t\t\t\t\t\t\t\t<p>verschiedene Weiterbildungen:<\/p><p>&#8211; \u00a0Phytotherapie, Spagyrik<\/p><p>&#8211; \u00a0Bl\u00fctentherapie\u00a0<\/p><p>&#8211; \u00a0systemisch &#8211; ph\u00e4nomenologische \u00a0<\/p><p>\u00a0 \u00a0 Aufstellungsarbeit<\/p><p>&#8211; \u00a0mediale Arbeit und geistiges Heilen<\/p><p>&#8211; \u00a0Dr. Sch\u00fcssler Biochemische Mineralstoffe\u00a0<\/p><p>&#8211; \u00a0Fr\u00fchkindliche Reflexe<\/p><p>&#8211; \u00a0NST<\/p><p>&#8211; \u00a0und weitere\u00a0<\/p>\t\t\t\t\t\t\t\t<\/div>\n\t\t\t\t<\/div>\n\t\t\t\t\t<\/div>\n\t\t<\/div>\n\t\t\t\t\t<\/div>\n\t\t<\/section>\n\t\t\t\t\t<\/div>\n\t\t<\/div>\n\t\t\t\t\t<\/div>\n\t\t<\/section>\n\t\t\t\t<section class=\"elementor-section elementor-top-section elementor-element elementor-element-f85f307 elementor-section-boxed elementor-section-height-default elementor-section-height-default\" data-id=\"f85f307\" data-element_type=\"section\">\n\t\t\t\t\t\t<div class=\"elementor-container elementor-column-gap-default\">\n\t\t\t\t\t<div class=\"elementor-column elementor-col-100 elementor-top-column elementor-element elementor-element-dcd8988\" data-id=\"dcd8988\" data-element_type=\"column\">\n\t\t\t<div class=\"elementor-widget-wrap elementor-element-populated\">\n\t\t\t\t\t\t<div class=\"elementor-element elementor-element-c6beda7 elementor-widget elementor-widget-spacer\" data-id=\"c6beda7\" data-element_type=\"widget\" data-widget_type=\"spacer.default\">\n\t\t\t\t<div class=\"elementor-widget-container\">\n\t\t\t\t\t\t\t<div class=\"elementor-spacer\">\n\t\t\t<div class=\"elementor-spacer-inner\"><\/div>\n\t\t<\/div>\n\t\t\t\t\t\t<\/div>\n\t\t\t\t<\/div>\n\t\t\t\t\t<\/div>\n\t\t<\/div>\n\t\t\t\t\t<\/div>\n\t\t<\/section>\n\t\t\t\t<section class=\"elementor-section elementor-top-section elementor-element elementor-element-5fba04a8 elementor-section-content-middle elementor-section-stretched elementor-section-boxed elementor-section-height-default elementor-section-height-default\" data-id=\"5fba04a8\" data-element_type=\"section\" data-settings=\"{&quot;background_background&quot;:&quot;classic&quot;,&quot;stretch_section&quot;:&quot;section-stretched&quot;}\">\n\t\t\t\t\t\t<div class=\"elementor-container elementor-column-gap-no\">\n\t\t\t\t\t<div class=\"elementor-column elementor-col-100 elementor-top-column elementor-element elementor-element-ab37fa1\" data-id=\"ab37fa1\" data-element_type=\"column\">\n\t\t\t<div class=\"elementor-widget-wrap\">\n\t\t\t\t\t\t\t<\/div>\n\t\t<\/div>\n\t\t\t\t\t<\/div>\n\t\t<\/section>\n\t\t\t\t<section class=\"elementor-section elementor-top-section elementor-element elementor-element-0c2c515 elementor-section-boxed elementor-section-height-default elementor-section-height-default\" data-id=\"0c2c515\" data-element_type=\"section\">\n\t\t\t\t\t\t<div class=\"elementor-container elementor-column-gap-default\">\n\t\t\t\t\t<div class=\"elementor-column elementor-col-100 elementor-top-column elementor-element elementor-element-a057d76\" data-id=\"a057d76\" data-element_type=\"column\">\n\t\t\t<div class=\"elementor-widget-wrap elementor-element-populated\">\n\t\t\t\t\t\t<div class=\"elementor-element elementor-element-e722900 elementor-widget elementor-widget-image\" data-id=\"e722900\" data-element_type=\"widget\" data-widget_type=\"image.default\">\n\t\t\t\t<div class=\"elementor-widget-container\">\n\t\t\t\t\t\t\t\t\t\t\t\t\t\t\t<img loading=\"lazy\" decoding=\"async\" width=\"5184\" height=\"1371\" src=\"https:\/\/kinesiologie-antoinettevogel.ch\/wordpress\/wp-content\/uploads\/2018\/05\/logo_ana-Kopie.jpg\" class=\"attachment-full size-full wp-image-370\" alt=\"\" srcset=\"https:\/\/kinesiologie-antoinettevogel.ch\/wordpress\/wp-content\/uploads\/2018\/05\/logo_ana-Kopie.jpg 5184w, https:\/\/kinesiologie-antoinettevogel.ch\/wordpress\/wp-content\/uploads\/2018\/05\/logo_ana-Kopie-300x79.jpg 300w, https:\/\/kinesiologie-antoinettevogel.ch\/wordpress\/wp-content\/uploads\/2018\/05\/logo_ana-Kopie-768x203.jpg 768w, https:\/\/kinesiologie-antoinettevogel.ch\/wordpress\/wp-content\/uploads\/2018\/05\/logo_ana-Kopie-1024x271.jpg 1024w, https:\/\/kinesiologie-antoinettevogel.ch\/wordpress\/wp-content\/uploads\/2018\/05\/logo_ana-Kopie-350x93.jpg 350w\" sizes=\"(max-width: 5184px) 100vw, 5184px\" \/>\t\t\t\t\t\t\t\t\t\t\t\t\t\t\t<\/div>\n\t\t\t\t<\/div>\n\t\t\t\t\t<\/div>\n\t\t<\/div>\n\t\t\t\t\t<\/div>\n\t\t<\/section>\n\t\t\t\t<section class=\"elementor-section elementor-top-section elementor-element elementor-element-56f6ae3 elementor-section-boxed elementor-section-height-default elementor-section-height-default\" data-id=\"56f6ae3\" data-element_type=\"section\">\n\t\t\t\t\t\t<div class=\"elementor-container elementor-column-gap-default\">\n\t\t\t\t\t<div class=\"elementor-column elementor-col-100 elementor-top-column elementor-element elementor-element-4978e2a\" data-id=\"4978e2a\" data-element_type=\"column\">\n\t\t\t<div class=\"elementor-widget-wrap\">\n\t\t\t\t\t\t\t<\/div>\n\t\t<\/div>\n\t\t\t\t\t<\/div>\n\t\t<\/section>\n\t\t\t\t<section class=\"elementor-section elementor-top-section elementor-element elementor-element-fdfc188 elementor-section-boxed elementor-section-height-default elementor-section-height-default\" data-id=\"fdfc188\" data-element_type=\"section\">\n\t\t\t\t\t\t<div class=\"elementor-container elementor-column-gap-default\">\n\t\t\t\t\t<div class=\"elementor-column elementor-col-100 elementor-top-column elementor-element elementor-element-86d3c6b\" data-id=\"86d3c6b\" data-element_type=\"column\">\n\t\t\t<div class=\"elementor-widget-wrap elementor-element-populated\">\n\t\t\t\t\t\t<div class=\"elementor-element elementor-element-50bc192 elementor-widget elementor-widget-image\" data-id=\"50bc192\" data-element_type=\"widget\" data-widget_type=\"image.default\">\n\t\t\t\t<div class=\"elementor-widget-container\">\n\t\t\t\t\t\t\t\t\t\t\t\t\t\t\t<img loading=\"lazy\" decoding=\"async\" width=\"1\" height=\"1\" src=\"https:\/\/kinesiologie-antoinettevogel.ch\/wordpress\/wp-content\/uploads\/2018\/03\/IMG_0180-1.tif\" class=\"attachment-large size-large wp-image-208\" alt=\"\" \/>\t\t\t\t\t\t\t\t\t\t\t\t\t\t\t<\/div>\n\t\t\t\t<\/div>\n\t\t\t\t\t<\/div>\n\t\t<\/div>\n\t\t\t\t\t<\/div>\n\t\t<\/section>\n\t\t\t\t<\/div>\n\t\t","protected":false},"excerpt":{"rendered":"<p>\u201cLebe dein Potential\u201d \u00a0 \u00a0 Ich liebe es mich in der freien Natur zu bewegen Ich liebe die Erde, den Wind, die Sonne und das Wasser\u00a0 Ich liebe meine Familie\u00a0 Ich liebe meine Arbeit als Kinesiologin\u00a0 \u00a0 Ich bin sehr dankbar f\u00fcr das Alles Eigene Kinesiologiepraxis seit 2003 Kinesiologieausbildung IKAMED 1999 -2002 Mutter von vier erwachsenen T\u00f6chtern Grossmutter Biob\u00e4uerin Erstberuf [&hellip;]<\/p>\n","protected":false},"author":1,"featured_media":0,"parent":0,"menu_order":0,"comment_status":"closed","ping_status":"closed","template":"","meta":{"footnotes":""},"class_list":["post-46","page","type-page","status-publish","hentry"],"_links":{"self":[{"href":"https:\/\/kinesiologie-antoinettevogel.ch\/wordpress\/index.php?rest_route=\/wp\/v2\/pages\/46","targetHints":{"allow":["GET"]}}],"collection":[{"href":"https:\/\/kinesiologie-antoinettevogel.ch\/wordpress\/index.php?rest_route=\/wp\/v2\/pages"}],"about":[{"href":"https:\/\/kinesiologie-antoinettevogel.ch\/wordpress\/index.php?rest_route=\/wp\/v2\/types\/page"}],"author":[{"embeddable":true,"href":"https:\/\/kinesiologie-antoinettevogel.ch\/wordpress\/index.php?rest_route=\/wp\/v2\/users\/1"}],"replies":[{"embeddable":true,"href":"https:\/\/kinesiologie-antoinettevogel.ch\/wordpress\/index.php?rest_route=%2Fwp%2Fv2%2Fcomments&post=46"}],"version-history":[{"count":21,"href":"https:\/\/kinesiologie-antoinettevogel.ch\/wordpress\/index.php?rest_route=\/wp\/v2\/pages\/46\/revisions"}],"predecessor-version":[{"id":395,"href":"https:\/\/kinesiologie-antoinettevogel.ch\/wordpress\/index.php?rest_route=\/wp\/v2\/pages\/46\/revisions\/395"}],"wp:attachment":[{"href":"https:\/\/kinesiologie-antoinettevogel.ch\/wordpress\/index.php?rest_route=%2Fwp%2Fv2%2Fmedia&parent=46"}],"curies":[{"name":"wp","href":"https:\/\/api.w.org\/{rel}","templated":true}]}}